{"id":303,"date":"2019-08-01T10:18:32","date_gmt":"2019-08-01T08:18:32","guid":{"rendered":"https:\/\/otefalingegneria.etinet.net\/home\/"},"modified":"2024-08-30T09:08:21","modified_gmt":"2024-08-30T07:08:21","slug":"home","status":"publish","type":"page","link":"https:\/\/otefalingegneria.net\/es\/","title":{"rendered":"HOME"},"content":{"rendered":"\n<p><b>Otefal<\/b> dise\u00f1a <a style=\"font-weight: bold;\" href=\"https:\/\/otefalingegneria.net\/es\/tipolog\u00eda\/hornos-de-sublimacion\/\">m\u00e1quinas para la sublimaci\u00f3<\/a>n.<span style=\"font-weight: 400;\">.\nLa   <\/span><b>La sublimaci\u00f3n<\/b> <span style=\"font-weight: 400;\">es un m\u00e9todo utilizado para<\/span> <b>decorar perfiles y chapas de aluminio y acero<\/b><span style=\"font-weight: 400;\">.<\/span> <span style=\"font-weight: 400;\">Se trata de un perfeccionamiento del proceso de <strong>pintura tradicional,<\/strong> destinado principalmente a reproducir acabados naturales como la <strong>madera<\/strong>, el <strong>m\u00e1rmol<\/strong><\/span> <span style=\"font-weight: 400;\">y la <strong>piedra<\/strong><\/span> <span style=\"font-weight: 400;\">sobre perfiles y chapas de aluminio<\/span> <span style=\"font-weight: 400;\">previamente pretratados y pintados.<\/span><\/p>\n<p><span style=\"font-weight: 400;\">Durante el<\/span> <b>proceso de sublimaci\u00f3n<\/b>, <span style=\"font-weight: 400;\">las tintas de la pel\u00edcula de sublimaci\u00f3n, debido a la temperatura, alcanzan un estado gaseoso y migran a la superficie met\u00e1lica previamente pintada, transfiriendo as\u00ed la decoraci\u00f3n a esta \u00faltima.<\/span><\/p>\n","protected":false},"excerpt":{"rendered":"<p>Otefal dise\u00f1a m\u00e1quinas para la sublimaci\u00f3n.. La La sublimaci\u00f3n es un m\u00e9todo utilizado para decorar perfiles y chapas de aluminio y acero. Se trata de un perfeccionamiento del proceso de pintura tradicional, destinado principalmente a reproducir acabados naturales como la madera, el m\u00e1rmol y la piedra sobre perfiles y chapas de aluminio previamente pretratados y [&hellip;]<\/p>\n","protected":false},"author":2,"featured_media":308,"parent":0,"menu_order":0,"comment_status":"closed","ping_status":"closed","template":"template-pages\/page-home.php","meta":{"footnotes":""},"acf":{"photo_gallery":{"immagine_1":[[{"id":293,"title":"sublinova_3D_3","caption":"Forno per la sublimazione dell\u2019alluminio e dell\u2019acciaio tramite l\u2019utilizzo di film, polveri e inchiostri sublimatici.","full_image_url":"https:\/\/otefalingegneria.net\/wp-content\/uploads\/2023\/10\/sublinova_3D_3.jpg","thumbnail_image_url":"https:\/\/otefalingegneria.net\/wp-content\/uploads\/2023\/10\/sublinova_3D_3.jpg","large_srcset":false,"medium_srcset":false,"url":"","target":""},{"id":283,"title":"FREE_CARS08","caption":"","full_image_url":"https:\/\/otefalingegneria.net\/wp-content\/uploads\/2023\/10\/FREE_CARS08.jpg","thumbnail_image_url":"https:\/\/otefalingegneria.net\/wp-content\/uploads\/2023\/10\/FREE_CARS08.jpg","large_srcset":false,"medium_srcset":false,"url":"","target":""}]]}},"_links":{"self":[{"href":"https:\/\/otefalingegneria.net\/es\/wp-json\/wp\/v2\/pages\/303"}],"collection":[{"href":"https:\/\/otefalingegneria.net\/es\/wp-json\/wp\/v2\/pages"}],"about":[{"href":"https:\/\/otefalingegneria.net\/es\/wp-json\/wp\/v2\/types\/page"}],"author":[{"embeddable":true,"href":"https:\/\/otefalingegneria.net\/es\/wp-json\/wp\/v2\/users\/2"}],"replies":[{"embeddable":true,"href":"https:\/\/otefalingegneria.net\/es\/wp-json\/wp\/v2\/comments?post=303"}],"version-history":[{"count":11,"href":"https:\/\/otefalingegneria.net\/es\/wp-json\/wp\/v2\/pages\/303\/revisions"}],"predecessor-version":[{"id":903,"href":"https:\/\/otefalingegneria.net\/es\/wp-json\/wp\/v2\/pages\/303\/revisions\/903"}],"wp:featuredmedia":[{"embeddable":true,"href":"https:\/\/otefalingegneria.net\/es\/wp-json\/wp\/v2\/media\/308"}],"wp:attachment":[{"href":"https:\/\/otefalingegneria.net\/es\/wp-json\/wp\/v2\/media?parent=303"}],"curies":[{"name":"wp","href":"https:\/\/api.w.org\/{rel}","templated":true}]}}