{"id":549,"date":"2023-10-30T14:42:21","date_gmt":"2023-10-30T13:42:21","guid":{"rendered":"https:\/\/otefalingegneria.net\/sobre-la-empresa\/"},"modified":"2024-02-06T09:18:21","modified_gmt":"2024-02-06T08:18:21","slug":"sobre-la-empresa","status":"publish","type":"page","link":"https:\/\/otefalingegneria.net\/es\/sobre-la-empresa\/","title":{"rendered":"Sobre la empresa"},"content":{"rendered":"\n<p><span style=\"font-weight: 400;\">Gracias a d\u00e9cadas de experiencia en el mundo del acabado de superficies met\u00e1licas,<\/span> <b>Otefal Ingegneria<\/b> <span style=\"font-weight: 400;\">est\u00e1 a la vanguardia<\/span> <b>de los sistemas<\/b> <b>de sublimaci\u00f3n<\/b> <span style=\"font-weight: 400;\">y decoraci\u00f3n de aluminio y acero.<\/span><\/p>\n<p><span style=\"font-weight: 400;\">Gracias a la experiencia de sus ingenieros<\/span>, <b>Otefal Ingegneria<\/b> <span style=\"font-weight: 400;\">desarrolla, dise\u00f1a y aplica soluciones industriales adaptadas a las necesidades de sus clientes.<\/span><\/p>\n","protected":false},"excerpt":{"rendered":"<p>Gracias a d\u00e9cadas de experiencia en el mundo del acabado de superficies met\u00e1licas, Otefal Ingegneria est\u00e1 a la vanguardia de los sistemas de sublimaci\u00f3n y decoraci\u00f3n de aluminio y acero. Gracias a la experiencia de sus ingenieros, Otefal Ingegneria desarrolla, dise\u00f1a y aplica soluciones industriales adaptadas a las necesidades de sus clientes.<\/p>\n","protected":false},"author":2,"featured_media":277,"parent":0,"menu_order":0,"comment_status":"closed","ping_status":"closed","template":"template-pages\/page-standard.php","meta":{"footnotes":""},"acf":[],"_links":{"self":[{"href":"https:\/\/otefalingegneria.net\/es\/wp-json\/wp\/v2\/pages\/549"}],"collection":[{"href":"https:\/\/otefalingegneria.net\/es\/wp-json\/wp\/v2\/pages"}],"about":[{"href":"https:\/\/otefalingegneria.net\/es\/wp-json\/wp\/v2\/types\/page"}],"author":[{"embeddable":true,"href":"https:\/\/otefalingegneria.net\/es\/wp-json\/wp\/v2\/users\/2"}],"replies":[{"embeddable":true,"href":"https:\/\/otefalingegneria.net\/es\/wp-json\/wp\/v2\/comments?post=549"}],"version-history":[{"count":6,"href":"https:\/\/otefalingegneria.net\/es\/wp-json\/wp\/v2\/pages\/549\/revisions"}],"predecessor-version":[{"id":608,"href":"https:\/\/otefalingegneria.net\/es\/wp-json\/wp\/v2\/pages\/549\/revisions\/608"}],"wp:featuredmedia":[{"embeddable":true,"href":"https:\/\/otefalingegneria.net\/es\/wp-json\/wp\/v2\/media\/277"}],"wp:attachment":[{"href":"https:\/\/otefalingegneria.net\/es\/wp-json\/wp\/v2\/media?parent=549"}],"curies":[{"name":"wp","href":"https:\/\/api.w.org\/{rel}","templated":true}]}}