{"id":576,"date":"2023-10-31T12:18:38","date_gmt":"2023-10-31T11:18:38","guid":{"rendered":"https:\/\/otefalingegneria.net\/asistencia\/"},"modified":"2024-11-08T14:22:36","modified_gmt":"2024-11-08T13:22:36","slug":"asistencia","status":"publish","type":"page","link":"https:\/\/otefalingegneria.net\/es\/asistencia\/","title":{"rendered":"Asistencia"},"content":{"rendered":"\n<p><a href=\"https:\/\/otefalingegneria.net\/es\/\"><b>Otefal<\/b><\/a> <span style=\"font-weight: 400;\">se compromete a prestar un<\/span> <b>apoyo integral<\/b> <span style=\"font-weight: 400;\">a sus clientes a trav\u00e9s de<\/span> un <b>equipo especializado<\/b> <span style=\"font-weight: 400;\">que proporciona<\/span> <b>asistencia t\u00e9cnica<\/b> <span style=\"font-weight: 400;\">y<\/span> <b>asesoramiento sobre proyectos.<\/b><span style=\"font-weight: 400;\">\u00a0Nuestro personal altamente cualificado est\u00e1 disponible para ofrecer <\/span><b>asesoramiento t\u00e9cnico detallado, <\/b><span style=\"font-weight: 400;\">garantizando una comunicaci\u00f3n clara y puntual. Adem\u00e1s, estamos orgullosos de ofrecer un<\/span><b> servicio postventa dedicado, <\/b><span style=\"font-weight: 400;\">que atiende cuidadosamente las necesidades y peticiones de los clientes incluso despu\u00e9s de la compra. Para garantizar la continuidad de su negocio, ponemos a su disposici\u00f3n una amplia gama <\/span><b>de piezas de repuesto originales.<\/b><span style=\"font-weight: 400;\">\u00a0En caso de necesidad, nuestro equipo est\u00e1 preparado para<\/span> <b>intervenir directamente en las instalaciones del cliente<\/b>, <span style=\"font-weight: 400;\">garantizando soluciones in situ r\u00e1pidas y eficaces.<\/span><\/p>\n<p><span style=\"font-weight: 400;\">Este compromiso total con la satisfacci\u00f3n del cliente refleja nuestra dedicaci\u00f3n a ofrecer no s\u00f3lo productos de alta calidad, sino tambi\u00e9n un servicio completo y fiable.<\/span><\/p>\n","protected":false},"excerpt":{"rendered":"<p>Otefal se compromete a prestar un apoyo integral a sus clientes a trav\u00e9s de un equipo especializado que proporciona asistencia t\u00e9cnica y asesoramiento sobre proyectos.\u00a0Nuestro personal altamente cualificado est\u00e1 disponible para ofrecer asesoramiento t\u00e9cnico detallado, garantizando una comunicaci\u00f3n clara y puntual. Adem\u00e1s, estamos orgullosos de ofrecer un servicio postventa dedicado, que atiende cuidadosamente las necesidades [&hellip;]<\/p>\n","protected":false},"author":2,"featured_media":487,"parent":0,"menu_order":0,"comment_status":"closed","ping_status":"closed","template":"template-pages\/page-standard.php","meta":{"footnotes":""},"acf":[],"_links":{"self":[{"href":"https:\/\/otefalingegneria.net\/es\/wp-json\/wp\/v2\/pages\/576"}],"collection":[{"href":"https:\/\/otefalingegneria.net\/es\/wp-json\/wp\/v2\/pages"}],"about":[{"href":"https:\/\/otefalingegneria.net\/es\/wp-json\/wp\/v2\/types\/page"}],"author":[{"embeddable":true,"href":"https:\/\/otefalingegneria.net\/es\/wp-json\/wp\/v2\/users\/2"}],"replies":[{"embeddable":true,"href":"https:\/\/otefalingegneria.net\/es\/wp-json\/wp\/v2\/comments?post=576"}],"version-history":[{"count":2,"href":"https:\/\/otefalingegneria.net\/es\/wp-json\/wp\/v2\/pages\/576\/revisions"}],"predecessor-version":[{"id":696,"href":"https:\/\/otefalingegneria.net\/es\/wp-json\/wp\/v2\/pages\/576\/revisions\/696"}],"wp:featuredmedia":[{"embeddable":true,"href":"https:\/\/otefalingegneria.net\/es\/wp-json\/wp\/v2\/media\/487"}],"wp:attachment":[{"href":"https:\/\/otefalingegneria.net\/es\/wp-json\/wp\/v2\/media?parent=576"}],"curies":[{"name":"wp","href":"https:\/\/api.w.org\/{rel}","templated":true}]}}