{"id":836,"date":"2023-10-30T14:42:21","date_gmt":"2023-10-30T13:42:21","guid":{"rendered":"https:\/\/otefalingegneria.net\/quem-somos\/"},"modified":"2024-08-30T09:14:03","modified_gmt":"2024-08-30T07:14:03","slug":"quem-somos","status":"publish","type":"page","link":"https:\/\/otefalingegneria.net\/pt-pt\/quem-somos\/","title":{"rendered":"Quem somos"},"content":{"rendered":"\n<p><b>A Otefal Engenharia<\/b><span style=\"font-weight: 400;\">, com sua vasta experi\u00eancia de v\u00e1rias d\u00e9cadas no mundo da <\/span><b>nobilita\u00e7\u00e3o de superf\u00edcies met\u00e1licas<\/b><span style=\"font-weight: 400;\">, posiciona-se como uma empresa l\u00edder na<\/span><b> cria\u00e7\u00e3o de sistemas de sublima\u00e7\u00e3o e decora\u00e7\u00e3o de alum\u00ednio e a\u00e7o<\/b><span style=\"font-weight: 400;\">.<\/span><\/p>\n<p><span style=\"font-weight: 400;\">Gra\u00e7as \u00e0 expertise de seus t\u00e9cnicos,<\/span> <b>a Otefal Engenharia <\/b><span style=\"font-weight: 400;\">desenvolve, projeta e implementa solu\u00e7\u00f5es industriais sob medida de acordo com as necessidades de seus clientes.<\/span><\/p>\n","protected":false},"excerpt":{"rendered":"<p>A Otefal Engenharia, com sua vasta experi\u00eancia de v\u00e1rias d\u00e9cadas no mundo da nobilita\u00e7\u00e3o de superf\u00edcies met\u00e1licas, posiciona-se como uma empresa l\u00edder na cria\u00e7\u00e3o de sistemas de sublima\u00e7\u00e3o e decora\u00e7\u00e3o de alum\u00ednio e a\u00e7o. Gra\u00e7as \u00e0 expertise de seus t\u00e9cnicos, a Otefal Engenharia desenvolve, projeta e implementa solu\u00e7\u00f5es industriais sob medida de acordo com as [&hellip;]<\/p>\n","protected":false},"author":2,"featured_media":838,"parent":0,"menu_order":0,"comment_status":"closed","ping_status":"closed","template":"template-pages\/page-standard.php","meta":{"footnotes":""},"acf":[],"_links":{"self":[{"href":"https:\/\/otefalingegneria.net\/pt-pt\/wp-json\/wp\/v2\/pages\/836"}],"collection":[{"href":"https:\/\/otefalingegneria.net\/pt-pt\/wp-json\/wp\/v2\/pages"}],"about":[{"href":"https:\/\/otefalingegneria.net\/pt-pt\/wp-json\/wp\/v2\/types\/page"}],"author":[{"embeddable":true,"href":"https:\/\/otefalingegneria.net\/pt-pt\/wp-json\/wp\/v2\/users\/2"}],"replies":[{"embeddable":true,"href":"https:\/\/otefalingegneria.net\/pt-pt\/wp-json\/wp\/v2\/comments?post=836"}],"version-history":[{"count":5,"href":"https:\/\/otefalingegneria.net\/pt-pt\/wp-json\/wp\/v2\/pages\/836\/revisions"}],"predecessor-version":[{"id":915,"href":"https:\/\/otefalingegneria.net\/pt-pt\/wp-json\/wp\/v2\/pages\/836\/revisions\/915"}],"wp:featuredmedia":[{"embeddable":true,"href":"https:\/\/otefalingegneria.net\/pt-pt\/wp-json\/wp\/v2\/media\/838"}],"wp:attachment":[{"href":"https:\/\/otefalingegneria.net\/pt-pt\/wp-json\/wp\/v2\/media?parent=836"}],"curies":[{"name":"wp","href":"https:\/\/api.w.org\/{rel}","templated":true}]}}