{"id":869,"date":"2023-11-13T15:28:24","date_gmt":"2023-11-13T14:28:24","guid":{"rendered":"https:\/\/otefalingegneria.net\/servicos\/"},"modified":"2024-08-29T15:06:27","modified_gmt":"2024-08-29T13:06:27","slug":"servicos","status":"publish","type":"page","link":"https:\/\/otefalingegneria.net\/pt-pt\/servicos\/","title":{"rendered":"Servi\u00e7os"},"content":{"rendered":"\n<p><b><a href=\"https:\/\/otefalingegneria.net\/pt-pt\/\">Otefal Ingegneria<\/a><\/b> <span style=\"font-weight: 400;\">se destaca pela vasta compet\u00eancia adquirida no setor de<\/span><b> tratamento<\/b><span style=\"font-weight: 400;\"> e<\/span> <b>decora\u00e7\u00e3o de alum\u00ednio<\/b><span style=\"font-weight: 400;\">, consolidada ao longo de uma d\u00e9cada de experi\u00eancia. A empresa se compromete a fornecer  <\/span><b>solu\u00e7\u00f5es personalizadas<\/b><span style=\"font-weight: 400;\"> para atender \u00e0s necessidades espec\u00edficas dos clientes, garantindo uma abordagem personalizada em todas as fases do processo. Desde a fase inicial de projeto at\u00e9 o <\/span><a href=\"https:\/\/otefalingegneria.net\/pt-pt\/assistencia\/\"><b>suporte t\u00e9cnico<\/b><\/a> <span style=\"font-weight: 400;\">cont\u00ednuo,<\/span> <b>Otefal Ingegneria<\/b><span style=\"font-weight: 400;\"> se dedica a oferecer um suporte completo e confi\u00e1vel. Al\u00e9m disso, a <\/span><b><a href=\"https:\/\/otefalingegneria.net\/pt-pt\/quem-somos\/\">empresa<\/a><\/b><span style=\"font-weight: 400;\"> oferece uma ampla gama de <\/span><b>servi\u00e7os,<\/b> <span style=\"font-weight: 400;\">que v\u00e3o desde<\/span> <b>o fornecimento de pe\u00e7as de reposi\u00e7\u00e3o<\/b><span style=\"font-weight: 400;\"> at\u00e9 <\/span><b>a compra e venda de equipamentos usados<\/b><span style=\"font-weight: 400;\">, demonstrando sua versatilidade e capacidade de atender a todas as necessidades do cliente no setor.<\/span><\/p>\n","protected":false},"excerpt":{"rendered":"<p>Otefal Ingegneria se destaca pela vasta compet\u00eancia adquirida no setor de tratamento e decora\u00e7\u00e3o de alum\u00ednio, consolidada ao longo de uma d\u00e9cada de experi\u00eancia. A empresa se compromete a fornecer solu\u00e7\u00f5es personalizadas para atender \u00e0s necessidades espec\u00edficas dos clientes, garantindo uma abordagem personalizada em todas as fases do processo. Desde a fase inicial de projeto [&hellip;]<\/p>\n","protected":false},"author":2,"featured_media":870,"parent":0,"menu_order":0,"comment_status":"closed","ping_status":"closed","template":"template-pages\/page-standard.php","meta":{"footnotes":""},"acf":[],"_links":{"self":[{"href":"https:\/\/otefalingegneria.net\/pt-pt\/wp-json\/wp\/v2\/pages\/869"}],"collection":[{"href":"https:\/\/otefalingegneria.net\/pt-pt\/wp-json\/wp\/v2\/pages"}],"about":[{"href":"https:\/\/otefalingegneria.net\/pt-pt\/wp-json\/wp\/v2\/types\/page"}],"author":[{"embeddable":true,"href":"https:\/\/otefalingegneria.net\/pt-pt\/wp-json\/wp\/v2\/users\/2"}],"replies":[{"embeddable":true,"href":"https:\/\/otefalingegneria.net\/pt-pt\/wp-json\/wp\/v2\/comments?post=869"}],"version-history":[{"count":1,"href":"https:\/\/otefalingegneria.net\/pt-pt\/wp-json\/wp\/v2\/pages\/869\/revisions"}],"predecessor-version":[{"id":871,"href":"https:\/\/otefalingegneria.net\/pt-pt\/wp-json\/wp\/v2\/pages\/869\/revisions\/871"}],"wp:featuredmedia":[{"embeddable":true,"href":"https:\/\/otefalingegneria.net\/pt-pt\/wp-json\/wp\/v2\/media\/870"}],"wp:attachment":[{"href":"https:\/\/otefalingegneria.net\/pt-pt\/wp-json\/wp\/v2\/media?parent=869"}],"curies":[{"name":"wp","href":"https:\/\/api.w.org\/{rel}","templated":true}]}}