{"id":872,"date":"2023-10-31T12:18:38","date_gmt":"2023-10-31T11:18:38","guid":{"rendered":"https:\/\/otefalingegneria.net\/assistencia\/"},"modified":"2024-11-08T14:23:09","modified_gmt":"2024-11-08T13:23:09","slug":"assistencia","status":"publish","type":"page","link":"https:\/\/otefalingegneria.net\/pt-pt\/assistencia\/","title":{"rendered":"Assist\u00eancia"},"content":{"rendered":"\n<p><a href=\"https:\/\/otefalingegneria.net\/pt-pt\/\"><b>Otefal<\/b><\/a><span style=\"font-weight: 400;\"> se compromete a garantir um<\/span> <b>suporte completo<\/b> <span style=\"font-weight: 400;\">aos seus clientes atrav\u00e9s de uma <\/span><b>equipe especializada<\/b> <span style=\"font-weight: 400;\">que oferece <\/span><b>assist\u00eancia t\u00e9cnica <\/b><span style=\"font-weight: 400;\">e <\/span><b>consultoria de projeto.<\/b><span style=\"font-weight: 400;\">. Il nostro personale altamente qualificato \u00e8 a disposizione per offrire <\/span><b>consultas t\u00e9cnicas detalhadas<\/b><span style=\"font-weight: 400;\">, garantindo uma comunica\u00e7\u00e3o clara e \u00e1gil. Al\u00e9m disso, estamos orgulhosos de oferecer um <\/span><b> servi\u00e7o p\u00f3s-venda <\/b><span style=\"font-weight: 400;\">dedicado, cuidando com aten\u00e7\u00e3o das necessidades e solicita\u00e7\u00f5es dos clientes mesmo ap\u00f3s a compra. Para garantir uma opera\u00e7\u00e3o cont\u00ednua e sem problemas, disponibilizamos uma ampla <\/span><b>gama de pe\u00e7as de reposi\u00e7\u00e3o originais.<\/b><span style=\"font-weight: 400;\">. In caso di necessit\u00e0, il nostro team \u00e8 pronto a effettuare <\/span> <b>interven\u00e7\u00f5es diretamente nas instala\u00e7\u00f5es dos clientes<\/b><span style=\"font-weight: 400;\">, assegurando solu\u00e7\u00f5es r\u00e1pidas e eficientes no local.<\/span><\/p>\n<p><span style=\"font-weight: 400;\">Este compromisso total com a satisfa\u00e7\u00e3o do cliente reflete nossa dedica\u00e7\u00e3o em fornecer n\u00e3o apenas produtos de alta qualidade, mas tamb\u00e9m um servi\u00e7o completo e confi\u00e1vel.<\/span><\/p>\n","protected":false},"excerpt":{"rendered":"<p>Otefal se compromete a garantir um suporte completo aos seus clientes atrav\u00e9s de uma equipe especializada que oferece assist\u00eancia t\u00e9cnica e consultoria de projeto.. Il nostro personale altamente qualificato \u00e8 a disposizione per offrire consultas t\u00e9cnicas detalhadas, garantindo uma comunica\u00e7\u00e3o clara e \u00e1gil. Al\u00e9m disso, estamos orgulhosos de oferecer um servi\u00e7o p\u00f3s-venda dedicado, cuidando com [&hellip;]<\/p>\n","protected":false},"author":2,"featured_media":873,"parent":0,"menu_order":0,"comment_status":"closed","ping_status":"closed","template":"template-pages\/page-standard.php","meta":{"footnotes":""},"acf":[],"_links":{"self":[{"href":"https:\/\/otefalingegneria.net\/pt-pt\/wp-json\/wp\/v2\/pages\/872"}],"collection":[{"href":"https:\/\/otefalingegneria.net\/pt-pt\/wp-json\/wp\/v2\/pages"}],"about":[{"href":"https:\/\/otefalingegneria.net\/pt-pt\/wp-json\/wp\/v2\/types\/page"}],"author":[{"embeddable":true,"href":"https:\/\/otefalingegneria.net\/pt-pt\/wp-json\/wp\/v2\/users\/2"}],"replies":[{"embeddable":true,"href":"https:\/\/otefalingegneria.net\/pt-pt\/wp-json\/wp\/v2\/comments?post=872"}],"version-history":[{"count":2,"href":"https:\/\/otefalingegneria.net\/pt-pt\/wp-json\/wp\/v2\/pages\/872\/revisions"}],"predecessor-version":[{"id":1115,"href":"https:\/\/otefalingegneria.net\/pt-pt\/wp-json\/wp\/v2\/pages\/872\/revisions\/1115"}],"wp:featuredmedia":[{"embeddable":true,"href":"https:\/\/otefalingegneria.net\/pt-pt\/wp-json\/wp\/v2\/media\/873"}],"wp:attachment":[{"href":"https:\/\/otefalingegneria.net\/pt-pt\/wp-json\/wp\/v2\/media?parent=872"}],"curies":[{"name":"wp","href":"https:\/\/api.w.org\/{rel}","templated":true}]}}