{"id":879,"date":"2023-12-01T17:33:27","date_gmt":"2023-12-01T16:33:27","guid":{"rendered":"https:\/\/otefalingegneria.net\/privacy-policy\/"},"modified":"2024-08-29T16:02:15","modified_gmt":"2024-08-29T14:02:15","slug":"privacy-policy","status":"publish","type":"page","link":"https:\/\/otefalingegneria.net\/pt-pt\/privacy-policy\/","title":{"rendered":"PRIVACY POLICY"},"content":{"rendered":"\n<p><strong>TITULAR DO TRATAMENTO<\/strong><\/p>\n<p>Ap\u00f3s consultar este site, podem ser tratados dados relativos a pessoas identificadas ou identific\u00e1veis.<\/p>\n<p>Em conformidade com a legisla\u00e7\u00e3o em vigor e o disposto no artigo 13 do Regulamento UE 2016\/679 do Parlamento Europeu e do Conselho, de 27 de abril de 2016, relativo \u00e0 prote\u00e7\u00e3o das pessoas f\u00edsicas no que diz respeito ao tratamento de dados pessoais e \u00e0 livre circula\u00e7\u00e3o desses dados (doravante &#8220;Regulamento UE&#8221;), informamos que o titular do tratamento dos dados fornecidos por voc\u00ea \u00e9 Otefal Ingegneria S.r.l., com sede em Mil\u00e3o (20128 &#8211; MI), Viale Monza n. 338, It\u00e1lia, com n\u00famero de identifica\u00e7\u00e3o fiscal e IVA n. 09298960965 (doravante &#8220;Titular&#8221;).   <\/p>\n<p>Informamos tamb\u00e9m que o Titular nomeou um Encarregado de Prote\u00e7\u00e3o de Dados, cujos contatos s\u00e3o os seguintes: Sublitex S.r.l., com sede em Alba (CN), It\u00e1lia, Via S. Barbara 11, n\u00famero de identifica\u00e7\u00e3o fiscal e IVA n. 03737080048. <\/p>\n<p> <\/p>\n<p><strong>M\u00c9TODOS DE TRATAMENTO E CATEGORIAS EVENTUAIS DE DESTINAT\u00c1RIOS DOS DADOS PESSOAIS<\/strong><\/p>\n<p>O tratamento dos dados ocorrer\u00e1 com ferramentas manuais e automatizadas pelo tempo estritamente necess\u00e1rio para atingir os fins para os quais foram coletados, com base nas finalidades espec\u00edficas especificadas na se\u00e7\u00e3o &#8220;Tipos de Dados Tratados&#8221; desta Pol\u00edtica de Privacidade.<\/p>\n<p>Medidas espec\u00edficas de seguran\u00e7a s\u00e3o observadas para evitar a perda de dados, uso indevido ou n\u00e3o autorizado, e acesso aos mesmos. Os tratamentos relacionados aos servi\u00e7os da web deste site s\u00e3o realizados apenas por pessoal autorizado para o tratamento ou por respons\u00e1veis externos que realizam opera\u00e7\u00f5es de manuten\u00e7\u00e3o ocasionais. <\/p>\n<p>Os dados podem ser comunicados a terceiros qualificados como respons\u00e1veis externos pelo tratamento, exclusivamente para atividades relacionadas com as finalidades previstas nas informa\u00e7\u00f5es espec\u00edficas dispon\u00edveis no site. A lista completa dos respons\u00e1veis externos pelo tratamento pode ser solicitada a qualquer momento escrevendo para o Titular do tratamento, Otefal Ingegneria S.r.l., no endere\u00e7o indicado na se\u00e7\u00e3o &#8220;Direitos dos Interessados&#8221;. <\/p>\n<p>Os dados pessoais ser\u00e3o tratados dentro da Uni\u00e3o Europeia.<\/p>\n<p><strong> <\/strong><\/p>\n<p><strong>TIPOS DE DADOS TRATADOS<\/strong><\/p>\n<p><strong>Dados de navega\u00e7\u00e3o<\/strong><\/p>\n<p>Os sistemas inform\u00e1ticos e os procedimentos de software utilizados para operar este site adquirem, durante o seu funcionamento normal, alguns dados pessoais cuja transmiss\u00e3o \u00e9 impl\u00edcita no uso dos protocolos de comunica\u00e7\u00e3o da Internet. Estas informa\u00e7\u00f5es n\u00e3o s\u00e3o coletadas para serem associadas a partes interessadas identificadas, mas pela sua pr\u00f3pria natureza podem, atrav\u00e9s de processamentos e associa\u00e7\u00f5es com dados detidos por terceiros, permitir a identifica\u00e7\u00e3o dos usu\u00e1rios. Esta categoria de dados inclui endere\u00e7os IP ou nomes de dom\u00ednio dos computadores utilizados pelos usu\u00e1rios que se conectam ao site, endere\u00e7os URI (Uniform Resource Identifier) das solicita\u00e7\u00f5es feitas, hor\u00e1rio da solicita\u00e7\u00e3o, m\u00e9todo utilizado para enviar a solicita\u00e7\u00e3o ao servidor, tamanho do arquivo obtido em resposta, c\u00f3digo num\u00e9rico indicando o estado da resposta fornecida pelo servidor (sucesso, erro, etc.) e outros par\u00e2metros relacionados ao sistema operacional e ao ambiente de computa\u00e7\u00e3o do usu\u00e1rio.  <\/p>\n<p>Esses dados s\u00e3o usados apenas para obter informa\u00e7\u00f5es estat\u00edsticas an\u00f4nimas sobre o uso do site e para verificar o seu correto funcionamento, sendo exclu\u00eddos imediatamente ap\u00f3s o processamento. Os dados podem ser utilizados para investigar responsabilidades em caso de crimes inform\u00e1ticos hipot\u00e9ticos contra o site: exceto por esta possibilidade, os dados de contato web n\u00e3o s\u00e3o mantidos por mais de sete dias. <\/p>\n<p><strong> <\/strong><\/p>\n<p><strong>Dados fornecidos voluntariamente pelo usu\u00e1rio<\/strong><\/p>\n<p>Para consultar o site, n\u00e3o \u00e9 necess\u00e1rio fornecer dados pessoais. O envio opcional, expl\u00edcito e volunt\u00e1rio de e-mails para os endere\u00e7os indicados neste site ou o preenchimento do formul\u00e1rio de contato presente neste site implicam a subsequente aquisi\u00e7\u00e3o do endere\u00e7o do remetente, necess\u00e1rio para responder \u00e0s solicita\u00e7\u00f5es, assim como quaisquer outros dados pessoais inseridos na mensagem ou nos campos do formul\u00e1rio preench\u00edvel. Esses dados ser\u00e3o usados apenas para responder \u00e0 solicita\u00e7\u00e3o do usu\u00e1rio e podem ser comunicados a terceiros apenas se necess\u00e1rio para esse fim.  <\/p>\n<p>Para o tratamento de dados para essas finalidades, n\u00e3o \u00e9 necess\u00e1rio o seu consentimento, pois o tratamento \u00e9 necess\u00e1rio para a execu\u00e7\u00e3o de um contrato do qual voc\u00ea \u00e9 parte ou para a execu\u00e7\u00e3o de medidas pr\u00e9-contratuais adotadas a seu pedido (art. 6, par\u00e1grafo 1, al\u00ednea <em>b<\/em> do Regulamento), bem como, quando aplic\u00e1vel, para cumprir uma obriga\u00e7\u00e3o legal (art. 6, par\u00e1grafo 1, al\u00ednea<em> a<\/em> do Regulamento). O tratamento dos dados ocorrer\u00e1 com ferramentas adequadas para proteger a confidencialidade e seguran\u00e7a de seus dados em conformidade com a legisla\u00e7\u00e3o de privacidade aplic\u00e1vel.  <\/p>\n<p>Para o tratamento de dados para outras finalidades al\u00e9m das mencionadas acima, esses dados s\u00e3o mantidos pelo tempo estritamente necess\u00e1rio para fornecer ao usu\u00e1rio o servi\u00e7o solicitado e s\u00e3o exclu\u00eddos imediatamente ap\u00f3s, sujeitos a obriga\u00e7\u00f5es adicionais de reten\u00e7\u00e3o previstas por lei.<\/p>\n<p> <\/p>\n<p><strong>Cookies<\/strong><\/p>\n<p>Para informa\u00e7\u00f5es sobre cookies presentes no site, consulte a Pol\u00edtica de Cookies.<\/p>\n<p><strong> <\/strong><\/p>\n<p><strong>OPCIONALIDADE DE FORNECIMENTO DE DADOS<\/strong><\/p>\n<p>Al\u00e9m do especificado para os dados de navega\u00e7\u00e3o, o usu\u00e1rio \u00e9 livre para fornecer dados pessoais quando solicitado em se\u00e7\u00f5es espec\u00edficas do site. A n\u00e3o disponibiliza\u00e7\u00e3o pode resultar na impossibilidade de obter o que foi solicitado. <\/p>\n<p> <\/p>\n<p><strong>DIREITOS DOS INTERESSADOS<\/strong><\/p>\n<p>As pessoas \u00e0s quais os dados pessoais se referem t\u00eam o direito de exercer a qualquer momento seus direitos nos termos dos artigos 15 e seguintes do Regulamento UE, incluindo: a) direito a ser informado sobre as finalidades e m\u00e9todos de tratamento; b) acesso; c) atualiza\u00e7\u00e3o e retifica\u00e7\u00e3o; d) exclus\u00e3o, anonimiza\u00e7\u00e3o ou bloqueio; e) oposi\u00e7\u00e3o ao tratamento, incluindo oposi\u00e7\u00e3o a processos decis\u00f3rios automatizados, incluindo a cria\u00e7\u00e3o de perfis; f) revoga\u00e7\u00e3o do consentimento; g) portabilidade; h) limita\u00e7\u00e3o do tratamento.        <\/p>\n<p>As pessoas \u00e0s quais os dados pessoais se referem tamb\u00e9m t\u00eam o direito de apresentar reclama\u00e7\u00e3o \u00e0 autoridade de controle.<\/p>\n<p>Esses direitos podem ser exercidos entrando em contato diretamente com o Titular por e-mail <u>info@otefalingegniera.net <\/u>ou escrevendo para Otefal Ingegneria S.r.l., Viale Monza n. 338, Mil\u00e3o (20128 &#8211; MI), It\u00e1lia. <\/p>\n<p> <\/p>\n<p><strong>ALTERA\u00c7\u00d5ES NA POL\u00cdTICA<\/strong><\/p>\n<p>A eventual entrada em vigor de novas normativas setoriais, bem como a constante revis\u00e3o e atualiza\u00e7\u00e3o dos servi\u00e7os ao usu\u00e1rio, pode exigir altera\u00e7\u00f5es nos m\u00e9todos de tratamento dos dados pessoais dos usu\u00e1rios. Portanto, nossa pol\u00edtica de privacidade pode ser alterada ao longo do tempo, e convidamos o visitante a consultar esta p\u00e1gina periodicamente. <\/p>\n<p> <\/p>\n","protected":false},"excerpt":{"rendered":"<p>TITULAR DO TRATAMENTO Ap\u00f3s consultar este site, podem ser tratados dados relativos a pessoas identificadas ou identific\u00e1veis. Em conformidade com a legisla\u00e7\u00e3o em vigor e o disposto no artigo 13 do Regulamento UE 2016\/679 do Parlamento Europeu e do Conselho, de 27 de abril de 2016, relativo \u00e0 prote\u00e7\u00e3o das pessoas f\u00edsicas no que diz [&hellip;]<\/p>\n","protected":false},"author":2,"featured_media":0,"parent":0,"menu_order":0,"comment_status":"closed","ping_status":"closed","template":"","meta":{"footnotes":""},"acf":[],"_links":{"self":[{"href":"https:\/\/otefalingegneria.net\/pt-pt\/wp-json\/wp\/v2\/pages\/879"}],"collection":[{"href":"https:\/\/otefalingegneria.net\/pt-pt\/wp-json\/wp\/v2\/pages"}],"about":[{"href":"https:\/\/otefalingegneria.net\/pt-pt\/wp-json\/wp\/v2\/types\/page"}],"author":[{"embeddable":true,"href":"https:\/\/otefalingegneria.net\/pt-pt\/wp-json\/wp\/v2\/users\/2"}],"replies":[{"embeddable":true,"href":"https:\/\/otefalingegneria.net\/pt-pt\/wp-json\/wp\/v2\/comments?post=879"}],"version-history":[{"count":3,"href":"https:\/\/otefalingegneria.net\/pt-pt\/wp-json\/wp\/v2\/pages\/879\/revisions"}],"predecessor-version":[{"id":882,"href":"https:\/\/otefalingegneria.net\/pt-pt\/wp-json\/wp\/v2\/pages\/879\/revisions\/882"}],"wp:attachment":[{"href":"https:\/\/otefalingegneria.net\/pt-pt\/wp-json\/wp\/v2\/media?parent=879"}],"curies":[{"name":"wp","href":"https:\/\/api.w.org\/{rel}","templated":true}]}}