{"id":887,"date":"2019-08-01T10:18:32","date_gmt":"2019-08-01T08:18:32","guid":{"rendered":"https:\/\/otefalingegneria.net\/home\/"},"modified":"2024-08-30T15:56:10","modified_gmt":"2024-08-30T13:56:10","slug":"home","status":"publish","type":"page","link":"https:\/\/otefalingegneria.net\/pt-pt\/","title":{"rendered":"HOME"},"content":{"rendered":"\n<p><b>Otefal Engenharia<\/b> projeta <a style=\"font-weight: bold;\" href=\"https:\/\/otefalingegneria.net\/pt-pt\/tipologia\/fornos-de-sublimacao\/\">m\u00e1quinas para sublima\u00e7\u00e3o<\/a><span style=\"font-weight: 400;\">. La <\/span><b>sublima\u00e7\u00e3o<\/b><span style=\"font-weight: 400;\"> \u00e9 um m\u00e9todo utilizado para<\/span><b> decorar perfis e chapas de alum\u00ednio e a\u00e7o<\/b><span style=\"font-weight: 400;\">.<\/span> <span style=\"font-weight: 400;\">Trata-se de uma valoriza\u00e7\u00e3o do processo tradicional de pintura, com o objetivo de reproduzir principalmente <strong>acabamentos naturais<\/strong> como <strong>madeira<\/strong>, <strong>m\u00e1rmore<\/strong><\/span> <span style=\"font-weight: 400;\">e <strong>pedra<\/strong><\/span><span style=\"font-weight: 400;\"> em perfis e chapas de alum\u00ednio<\/span> <span style=\"font-weight: 400;\">previamente pr\u00e9-tratados e pintados.<\/span><\/p>\n<p><span style=\"font-weight: 400;\">Durante o<\/span> <b>processo de sublima\u00e7\u00e3o<\/b>, <span style=\"font-weight: 400;\">as tintas presentes no filme sublim\u00e1tico, devido \u00e0 temperatura, atingem o estado gasoso e migram para a superf\u00edcie met\u00e1lica previamente pintada, transferindo assim a decora\u00e7\u00e3o para esta \u00faltima.<\/span><\/p>\n","protected":false},"excerpt":{"rendered":"<p>Otefal Engenharia projeta m\u00e1quinas para sublima\u00e7\u00e3o. La sublima\u00e7\u00e3o \u00e9 um m\u00e9todo utilizado para decorar perfis e chapas de alum\u00ednio e a\u00e7o. Trata-se de uma valoriza\u00e7\u00e3o do processo tradicional de pintura, com o objetivo de reproduzir principalmente acabamentos naturais como madeira, m\u00e1rmore e pedra em perfis e chapas de alum\u00ednio previamente pr\u00e9-tratados e pintados. Durante o [&hellip;]<\/p>\n","protected":false},"author":2,"featured_media":891,"parent":0,"menu_order":0,"comment_status":"closed","ping_status":"closed","template":"template-pages\/page-home.php","meta":{"footnotes":""},"acf":{"photo_gallery":{"immagine_1":[[{"id":851,"title":"Forni per sublimazione","caption":"Forno per la sublimazione dell\u2019alluminio e dell\u2019acciaio tramite l\u2019utilizzo di film, polveri e inchiostri sublimatici.","full_image_url":"https:\/\/otefalingegneria.net\/wp-content\/uploads\/2023\/10\/sublinova_3D_3.jpg","thumbnail_image_url":"https:\/\/otefalingegneria.net\/wp-content\/uploads\/2023\/10\/sublinova_3D_3.jpg","large_srcset":false,"medium_srcset":false,"url":"","target":""},{"id":856,"title":"FREE_CARS08","caption":"","full_image_url":"https:\/\/otefalingegneria.net\/wp-content\/uploads\/2023\/10\/FREE_CARS08.jpg","thumbnail_image_url":"https:\/\/otefalingegneria.net\/wp-content\/uploads\/2023\/10\/FREE_CARS08.jpg","large_srcset":false,"medium_srcset":false,"url":"","target":""}]]}},"_links":{"self":[{"href":"https:\/\/otefalingegneria.net\/pt-pt\/wp-json\/wp\/v2\/pages\/887"}],"collection":[{"href":"https:\/\/otefalingegneria.net\/pt-pt\/wp-json\/wp\/v2\/pages"}],"about":[{"href":"https:\/\/otefalingegneria.net\/pt-pt\/wp-json\/wp\/v2\/types\/page"}],"author":[{"embeddable":true,"href":"https:\/\/otefalingegneria.net\/pt-pt\/wp-json\/wp\/v2\/users\/2"}],"replies":[{"embeddable":true,"href":"https:\/\/otefalingegneria.net\/pt-pt\/wp-json\/wp\/v2\/comments?post=887"}],"version-history":[{"count":21,"href":"https:\/\/otefalingegneria.net\/pt-pt\/wp-json\/wp\/v2\/pages\/887\/revisions"}],"predecessor-version":[{"id":1057,"href":"https:\/\/otefalingegneria.net\/pt-pt\/wp-json\/wp\/v2\/pages\/887\/revisions\/1057"}],"wp:featuredmedia":[{"embeddable":true,"href":"https:\/\/otefalingegneria.net\/pt-pt\/wp-json\/wp\/v2\/media\/891"}],"wp:attachment":[{"href":"https:\/\/otefalingegneria.net\/pt-pt\/wp-json\/wp\/v2\/media?parent=887"}],"curies":[{"name":"wp","href":"https:\/\/api.w.org\/{rel}","templated":true}]}}