{"id":908,"date":"2024-01-26T15:11:03","date_gmt":"2024-01-26T14:11:03","guid":{"rendered":"https:\/\/otefalingegneria.net\/privacy-newsletter\/"},"modified":"2024-08-30T09:12:41","modified_gmt":"2024-08-30T07:12:41","slug":"privacy-newsletter","status":"publish","type":"page","link":"https:\/\/otefalingegneria.net\/pt-pt\/privacy-newsletter\/","title":{"rendered":"Privacy newsletter"},"content":{"rendered":"\n<p> <\/p>\n<p style=\"text-align: center;\"><strong><u>Informa\u00e7\u00f5es sobre o tratamento de dados pessoais<\/u><\/strong><\/p>\n<p> <\/p>\n<p>Com esta informa\u00e7\u00e3o sobre o tratamento de dados pessoais (&#8220;<strong>Informa\u00e7\u00e3o<\/strong>&#8220;), elaborada em conformidade com o Regulamento UE 679\/2016 (doravante, &#8220;<strong>Regulamento de Privacidade<\/strong>&#8220;), Otefal Ingegneria S.r.l., na qualidade de respons\u00e1vel pelo tratamento aut\u00f4nomo (&#8220;<strong>Otefal<\/strong>&#8221; ou o &#8220;<strong>Respons\u00e1vel<\/strong>&#8220;), informa que processar\u00e1 os dados pessoais fornecidos por voc\u00ea (os &#8220;<strong>Dados<\/strong>&#8220;) para permitir o recebimento de material comercial, informativo, promocional e\/ou publicit\u00e1rio (&#8220;<strong>Boletim<\/strong>&#8220;).<\/p>\n<p>Informamos tamb\u00e9m que a Otefal nomeou um Encarregado de Prote\u00e7\u00e3o de Dados, cujos contatos s\u00e3o os seguintes: Sublitex S.r.l. &#8211; Data Protection Officer, Via S. Barbara 11, 12051 &#8211; Alba (CN), It\u00e1lia, email: <a href=\"mailto:dpo@miroglio.com\">dpo@miroglio.com<\/a>.<\/p>\n<ol>\n<li><strong><u>Origem e tipos de dados tratados. <\/u><\/strong><\/li>\n<\/ol>\n<p>A Otefal processar\u00e1 as seguintes categorias de Dados fornecidos diretamente por voc\u00ea: a) dados pessoais e identificativos; b) dados de contato.  <\/p>\n<ol start=\"2\">\n<li><strong><u>Finalidade do tratamento de dados<\/u><\/strong><\/li>\n<\/ol>\n<p>A Otefal processar\u00e1 seus Dados exclusivamente para o envio peri\u00f3dico do Boletim.<\/p>\n<p>O tratamento de seus Dados para a finalidade acima mencionada \u00e9 um requisito necess\u00e1rio para o envio do Boletim e, portanto, sem seu consentimento, voc\u00ea n\u00e3o poder\u00e1 receber esses Boletins.<\/p>\n<ol start=\"3\">\n<li><strong><u>Modalidades de tratamento de dados<\/u><\/strong><\/li>\n<\/ol>\n<p>O tratamento e processamento dos Dados ocorrer\u00e3o dentro da Uni\u00e3o Europeia por meio de ferramentas manuais e eletr\u00f4nicas, de acordo com l\u00f3gicas estritamente relacionadas \u00e0s finalidades acima mencionadas, garantindo a seguran\u00e7a e confidencialidade dos Dados em conformidade com o Regulamento de Privacidade.<\/p>\n<ol start=\"4\">\n<li><strong><u>Conserva\u00e7\u00e3o de dados<\/u><\/strong><\/li>\n<\/ol>\n<p>Seus Dados podem ser mantidos at\u00e9 a revoga\u00e7\u00e3o do consentimento para o tratamento, ap\u00f3s sua decis\u00e3o de n\u00e3o mais receber o Boletim. A revoga\u00e7\u00e3o pode ser exercida a qualquer momento, inclusive por meio de um procedimento espec\u00edfico de &#8220;<em>unsubscribe<\/em>&#8221; no rodap\u00e9 de cada Boletim. <\/p>\n<ol start=\"5\">\n<li><strong><u>Comunica\u00e7\u00e3o de dados<\/u><\/strong><\/li>\n<\/ol>\n<p>Os Dados podem ser comunicados a terceiros qualificados como respons\u00e1veis ou sub-respons\u00e1veis pelo tratamento, para atividades estritamente relacionadas \u00e0s finalidades acima mencionadas, como, por exemplo, servi\u00e7os de comunica\u00e7\u00e3o e marketing, suporte t\u00e9cnico e administrativo.<\/p>\n<ol start=\"6\">\n<li><strong><u>Direitos<\/u><\/strong><\/li>\n<\/ol>\n<p>De acordo com o Regulamento de Privacidade, voc\u00ea tem os seguintes direitos e faculdades em rela\u00e7\u00e3o aos seus Dados: a) direito a ser informado sobre as finalidades e m\u00e9todos de tratamento; b) acesso; c) atualiza\u00e7\u00e3o e retifica\u00e7\u00e3o; d) exclus\u00e3o, anonimiza\u00e7\u00e3o ou bloqueio; e) oposi\u00e7\u00e3o ao tratamento, incluindo a oposi\u00e7\u00e3o a decis\u00f5es automatizadas; f) revoga\u00e7\u00e3o do consentimento; g) portabilidade; h) limita\u00e7\u00e3o do tratamento.        <\/p>\n<p>Voc\u00ea tamb\u00e9m tem o direito de apresentar uma reclama\u00e7\u00e3o \u00e0 autoridade de controle.<\/p>\n<p>Informamos que voc\u00ea pode exercer seus direitos entrando em contato diretamente com o Respons\u00e1vel pelo email info@otefalingegniera.net ou escrevendo para Otefal Ingegneria S.r.l., Viale Monza n. 338, 20128, Mil\u00e3o. <\/p>\n<ol start=\"7\">\n<li><strong><u>Altera\u00e7\u00f5es e atualiza\u00e7\u00f5es da Informa\u00e7\u00e3o<\/u><\/strong><\/li>\n<\/ol>\n<p>A Otefal poder\u00e1 modificar, complementar e\/ou atualizar, total ou parcialmente, esta Informa\u00e7\u00e3o, tamb\u00e9m em considera\u00e7\u00e3o a futuras altera\u00e7\u00f5es que possam ocorrer no Regulamento de Privacidade. Fica entendido que qualquer modifica\u00e7\u00e3o, complemento ou atualiza\u00e7\u00e3o ser\u00e1 comunicada de forma oportuna e pontual por meio de meios eletr\u00f4nicos ou impressos considerados mais adequados pelo Respons\u00e1vel. <\/p>\n","protected":false},"excerpt":{"rendered":"<p>Informa\u00e7\u00f5es sobre o tratamento de dados pessoais Com esta informa\u00e7\u00e3o sobre o tratamento de dados pessoais (&#8220;Informa\u00e7\u00e3o&#8220;), elaborada em conformidade com o Regulamento UE 679\/2016 (doravante, &#8220;Regulamento de Privacidade&#8220;), Otefal Ingegneria S.r.l., na qualidade de respons\u00e1vel pelo tratamento aut\u00f4nomo (&#8220;Otefal&#8221; ou o &#8220;Respons\u00e1vel&#8220;), informa que processar\u00e1 os dados pessoais fornecidos por voc\u00ea (os &#8220;Dados&#8220;) para [&hellip;]<\/p>\n","protected":false},"author":2,"featured_media":0,"parent":0,"menu_order":0,"comment_status":"closed","ping_status":"closed","template":"","meta":{"footnotes":""},"acf":[],"_links":{"self":[{"href":"https:\/\/otefalingegneria.net\/pt-pt\/wp-json\/wp\/v2\/pages\/908"}],"collection":[{"href":"https:\/\/otefalingegneria.net\/pt-pt\/wp-json\/wp\/v2\/pages"}],"about":[{"href":"https:\/\/otefalingegneria.net\/pt-pt\/wp-json\/wp\/v2\/types\/page"}],"author":[{"embeddable":true,"href":"https:\/\/otefalingegneria.net\/pt-pt\/wp-json\/wp\/v2\/users\/2"}],"replies":[{"embeddable":true,"href":"https:\/\/otefalingegneria.net\/pt-pt\/wp-json\/wp\/v2\/comments?post=908"}],"version-history":[{"count":3,"href":"https:\/\/otefalingegneria.net\/pt-pt\/wp-json\/wp\/v2\/pages\/908\/revisions"}],"predecessor-version":[{"id":911,"href":"https:\/\/otefalingegneria.net\/pt-pt\/wp-json\/wp\/v2\/pages\/908\/revisions\/911"}],"wp:attachment":[{"href":"https:\/\/otefalingegneria.net\/pt-pt\/wp-json\/wp\/v2\/media?parent=908"}],"curies":[{"name":"wp","href":"https:\/\/api.w.org\/{rel}","templated":true}]}}